{"id":6,"date":"2023-05-09T22:27:42","date_gmt":"2023-05-09T22:27:42","guid":{"rendered":"https:\/\/corisplongee.com\/?page_id=6"},"modified":"2026-04-16T12:06:42","modified_gmt":"2026-04-16T12:06:42","slug":"__trashed","status":"publish","type":"page","link":"https:\/\/corisplongee.com\/","title":{"rendered":"Accueil"},"content":{"rendered":"\t\t<div data-elementor-type=\"wp-page\" data-elementor-id=\"6\" class=\"elementor elementor-6\">\n\t\t\t\t\t\t<section class=\"elementor-section elementor-top-section elementor-element elementor-element-d837561 elementor-section-content-middle elementor-section-stretched elementor-section-boxed elementor-section-height-default elementor-section-height-default\" data-id=\"d837561\" data-element_type=\"section\" data-settings=\"{&quot;stretch_section&quot;:&quot;section-stretched&quot;,&quot;background_background&quot;:&quot;classic&quot;}\">\n\t\t\t\t\t\t\t<div class=\"elementor-background-overlay\"><\/div>\n\t\t\t\t\t\t\t<div class=\"elementor-container elementor-column-gap-wider\">\n\t\t\t\t\t<div class=\"elementor-column elementor-col-33 elementor-top-column elementor-element elementor-element-46a1724\" data-id=\"46a1724\" data-element_type=\"column\">\n\t\t\t<div class=\"elementor-widget-wrap elementor-element-populated\">\n\t\t\t\t\t\t<div class=\"elementor-element elementor-element-7ece40e elementor-widget__width-initial elementor-widget elementor-widget-image\" data-id=\"7ece40e\" data-element_type=\"widget\" data-widget_type=\"image.default\">\n\t\t\t\t<div class=\"elementor-widget-container\">\n\t\t\t<style>\/*! elementor - v3.23.0 - 05-08-2024 *\/\n.elementor-widget-image{text-align:center}.elementor-widget-image a{display:inline-block}.elementor-widget-image a img[src$=\".svg\"]{width:48px}.elementor-widget-image img{vertical-align:middle;display:inline-block}<\/style>\t\t\t\t\t\t\t\t\t\t<img fetchpriority=\"high\" decoding=\"async\" width=\"800\" height=\"845\" src=\"https:\/\/corisplongee.com\/wp-content\/uploads\/2026\/04\/coris-plongee-la-ciotat-olivier-billet.webp\" class=\"attachment-large size-large wp-image-1110\" alt=\"Coris Plong\u00e9e La Ciotat - Olivier BILLET formateur\" srcset=\"https:\/\/corisplongee.com\/wp-content\/uploads\/2026\/04\/coris-plongee-la-ciotat-olivier-billet.webp 800w, https:\/\/corisplongee.com\/wp-content\/uploads\/2026\/04\/coris-plongee-la-ciotat-olivier-billet-284x300.webp 284w, https:\/\/corisplongee.com\/wp-content\/uploads\/2026\/04\/coris-plongee-la-ciotat-olivier-billet-768x811.webp 768w\" sizes=\"(max-width: 800px) 100vw, 800px\" \/>\t\t\t\t\t\t\t\t\t\t\t\t\t<\/div>\n\t\t\t\t<\/div>\n\t\t\t\t\t<\/div>\n\t\t<\/div>\n\t\t\t\t<div class=\"elementor-column elementor-col-66 elementor-top-column elementor-element elementor-element-a1ba17f\" data-id=\"a1ba17f\" data-element_type=\"column\">\n\t\t\t<div class=\"elementor-widget-wrap elementor-element-populated\">\n\t\t\t\t\t\t<div class=\"elementor-element elementor-element-b4f9e60 elementor-widget__width-initial elementor-widget elementor-widget-text-editor\" data-id=\"b4f9e60\" data-element_type=\"widget\" data-widget_type=\"text-editor.default\">\n\t\t\t\t<div class=\"elementor-widget-container\">\n\t\t\t<style>\/*! elementor - v3.23.0 - 05-08-2024 *\/\n.elementor-widget-text-editor.elementor-drop-cap-view-stacked .elementor-drop-cap{background-color:#69727d;color:#fff}.elementor-widget-text-editor.elementor-drop-cap-view-framed .elementor-drop-cap{color:#69727d;border:3px solid;background-color:transparent}.elementor-widget-text-editor:not(.elementor-drop-cap-view-default) .elementor-drop-cap{margin-top:8px}.elementor-widget-text-editor:not(.elementor-drop-cap-view-default) .elementor-drop-cap-letter{width:1em;height:1em}.elementor-widget-text-editor .elementor-drop-cap{float:left;text-align:center;line-height:1;font-size:50px}.elementor-widget-text-editor .elementor-drop-cap-letter{display:inline-block}<\/style>\t\t\t\t<h1>CORIS PLONG\u00c9E &#8211; C\u00f4te Bleue, La Ciotat<\/h1><p>Passionn\u00e9 de plong\u00e9e sous-marine depuis toujours, je vous invite \u00e0 venir d\u00e9couvrir cet univers \u00e0 la port\u00e9e de tous.<\/p><p>La vie sauvage sur terre n\u2019est pas toujours simple \u00e0 observer, dans l\u2019eau elle est partout. L\u2019observation des animaux dans leur milieu naturel est un bon moyen de sensibiliser nos esprits \u00e0 la pr\u00e9servation du milieu marin.<\/p><p><a href=\"https:\/\/corisplongee.com\/index.php\/randonnee-palmee-snorkeling\/\">Des palmes, un masque, un tuba<\/a> et c\u2019est d\u00e9j\u00e0 le d\u00e9but d\u2019une belle aventure aquatique qui s\u2019offre \u00e0 vous depuis la surface.<\/p><p>Et si vous voulez vraiment vous fondre dans le milieu, comme un poisson, je pourrai vous apprendre \u00e0 <a href=\"https:\/\/corisplongee.com\/index.php\/formations-plongee\/\">devenir un plongeur<\/a> pour une immersion totale dans le grand bleu.<\/p><p>Je pourrai vous faire d\u00e9couvrir les fonds marins \u00e0 travers la <a href=\"https:\/\/doris.ffessm.fr\/\" target=\"_blank\" rel=\"noopener nofollow\">biologie marine<\/a> et les techniques de plong\u00e9es, dans le plaisir et la d\u00e9contraction, en petit comit\u00e9.<\/p><p>Olivier BILLET<\/p><p>Moniteur de plong\u00e9e ind\u00e9pendant (DEJEPS E3),\u00a0<\/p>\t\t\t\t\t\t<\/div>\n\t\t\t\t<\/div>\n\t\t\t\t\t<\/div>\n\t\t<\/div>\n\t\t\t\t\t<\/div>\n\t\t<\/section>\n\t\t\t\t<section class=\"elementor-section elementor-top-section elementor-element elementor-element-ba56aca elementor-section-stretched elementor-section-boxed elementor-section-height-default elementor-section-height-default\" data-id=\"ba56aca\" data-element_type=\"section\" data-settings=\"{&quot;stretch_section&quot;:&quot;section-stretched&quot;,&quot;background_background&quot;:&quot;classic&quot;}\">\n\t\t\t\t\t\t\t<div class=\"elementor-background-overlay\"><\/div>\n\t\t\t\t\t\t\t<div class=\"elementor-container elementor-column-gap-default\">\n\t\t\t\t\t<div class=\"elementor-column elementor-col-100 elementor-top-column elementor-element elementor-element-5a17c27\" data-id=\"5a17c27\" data-element_type=\"column\">\n\t\t\t<div class=\"elementor-widget-wrap elementor-element-populated\">\n\t\t\t\t\t\t<div class=\"elementor-element elementor-element-20c536f elementor-drop-cap-yes elementor-widget__width-initial elementor-drop-cap-view-default elementor-widget elementor-widget-text-editor\" data-id=\"20c536f\" data-element_type=\"widget\" data-settings=\"{&quot;drop_cap&quot;:&quot;yes&quot;}\" data-widget_type=\"text-editor.default\">\n\t\t\t\t<div class=\"elementor-widget-container\">\n\t\t\t\t\t\t\t<h2>PLONGER AUTREMENT<\/h2><p><b>La plupart des plong\u00e9es que je propose s&rsquo;effectuent \u00e0 partir du bord de mer, sur la c\u00f4te bleue, <a href=\"https:\/\/corisplongee.com\/index.php\/sites-de-plongees\/\">\u00a0<\/a>La \u00a0Ciotat\u00a0et aux alentours de Bormes-les-Mimosas<\/b><\/p><p><b> <a href=\"https:\/\/www.mapalmes.com\/\" rel=\"nofollow noopener\" target=\"_blank\">Plonger du bord<\/a> permet une immersion tout en douceur, en total respect de l&rsquo;environnement.\u00a0<\/b><\/p><p><b>Essayez la plong\u00e9e itin\u00e9rante, vous adorerez !<\/b><\/p><p><a href=\"https:\/\/corisplongee.com\/index.php\/bapteme-de-plongee\/\">Bapt\u00eames de plong\u00e9e<\/a> &#8211; <a href=\"https:\/\/corisplongee.com\/index.php\/formations-plongee\/\">Formations plong\u00e9es<\/a> &#8211; <a href=\"https:\/\/corisplongee.com\/index.php\/plongees-dexploration\/\">Plong\u00e9e d&rsquo;exploration<\/a> &#8211; <a href=\"https:\/\/corisplongee.com\/index.php\/plongee-de-nuit\/\">Plong\u00e9e de nuit<\/a> &#8211; <a href=\"https:\/\/corisplongee.com\/index.php\/randonnee-palmee-snorkeling\/\">Randonn\u00e9e palm\u00e9es \/ Snorkeling<\/a>\u00a0&#8211; Plong\u00e9e Zen, Sant\u00e9 et Bien-\u00catre<\/p>\t\t\t\t\t\t<\/div>\n\t\t\t\t<\/div>\n\t\t\t\t\t<\/div>\n\t\t<\/div>\n\t\t\t\t\t<\/div>\n\t\t<\/section>\n\t\t\t\t<section class=\"elementor-section elementor-top-section elementor-element elementor-element-a499e68 elementor-section-boxed elementor-section-height-default elementor-section-height-default\" data-id=\"a499e68\" data-element_type=\"section\">\n\t\t\t\t\t\t<div class=\"elementor-container elementor-column-gap-default\">\n\t\t\t\t\t<div class=\"elementor-column elementor-col-100 elementor-top-column elementor-element elementor-element-be6da41\" data-id=\"be6da41\" data-element_type=\"column\">\n\t\t\t<div class=\"elementor-widget-wrap elementor-element-populated\">\n\t\t\t\t\t\t<div class=\"elementor-element elementor-element-46634ef elementor-widget elementor-widget-spacer\" data-id=\"46634ef\" data-element_type=\"widget\" data-widget_type=\"spacer.default\">\n\t\t\t\t<div class=\"elementor-widget-container\">\n\t\t\t<style>\/*! elementor - v3.23.0 - 05-08-2024 *\/\n.elementor-column .elementor-spacer-inner{height:var(--spacer-size)}.e-con{--container-widget-width:100%}.e-con-inner>.elementor-widget-spacer,.e-con>.elementor-widget-spacer{width:var(--container-widget-width,var(--spacer-size));--align-self:var(--container-widget-align-self,initial);--flex-shrink:0}.e-con-inner>.elementor-widget-spacer>.elementor-widget-container,.e-con>.elementor-widget-spacer>.elementor-widget-container{height:100%;width:100%}.e-con-inner>.elementor-widget-spacer>.elementor-widget-container>.elementor-spacer,.e-con>.elementor-widget-spacer>.elementor-widget-container>.elementor-spacer{height:100%}.e-con-inner>.elementor-widget-spacer>.elementor-widget-container>.elementor-spacer>.elementor-spacer-inner,.e-con>.elementor-widget-spacer>.elementor-widget-container>.elementor-spacer>.elementor-spacer-inner{height:var(--container-widget-height,var(--spacer-size))}.e-con-inner>.elementor-widget-spacer.elementor-widget-empty,.e-con>.elementor-widget-spacer.elementor-widget-empty{position:relative;min-height:22px;min-width:22px}.e-con-inner>.elementor-widget-spacer.elementor-widget-empty .elementor-widget-empty-icon,.e-con>.elementor-widget-spacer.elementor-widget-empty .elementor-widget-empty-icon{position:absolute;top:0;bottom:0;left:0;right:0;margin:auto;padding:0;width:22px;height:22px}<\/style>\t\t<div class=\"elementor-spacer\">\n\t\t\t<div class=\"elementor-spacer-inner\"><\/div>\n\t\t<\/div>\n\t\t\t\t<\/div>\n\t\t\t\t<\/div>\n\t\t\t\t\t<\/div>\n\t\t<\/div>\n\t\t\t\t\t<\/div>\n\t\t<\/section>\n\t\t\t\t<\/div>\n\t\t","protected":false},"excerpt":{"rendered":"<p>CORIS PLONG\u00c9E &#8211; C\u00f4te Bleue, La Ciotat Passionn\u00e9 de plong\u00e9e sous-marine depuis toujours, je vous invite \u00e0 venir d\u00e9couvrir cet univers \u00e0 la port\u00e9e de tous. La vie sauvage sur terre n\u2019est pas toujours simple \u00e0 observer, dans l\u2019eau elle est partout. L\u2019observation des animaux dans leur milieu naturel est un bon moyen de sensibiliser [&hellip;]<\/p>\n","protected":false},"author":1,"featured_media":0,"parent":0,"menu_order":0,"comment_status":"closed","ping_status":"closed","template":"elementor_header_footer","meta":{"site-sidebar-layout":"default","site-content-layout":"","ast-site-content-layout":"default","site-content-style":"default","site-sidebar-style":"default","ast-global-header-display":"","ast-banner-title-visibility":"","ast-main-header-display":"","ast-hfb-above-header-display":"","ast-hfb-below-header-display":"","ast-hfb-mobile-header-display":"","site-post-title":"","ast-breadcrumbs-content":"","ast-featured-img":"","footer-sml-layout":"","ast-disable-related-posts":"","theme-transparent-header-meta":"","adv-header-id-meta":"","stick-header-meta":"","header-above-stick-meta":"","header-main-stick-meta":"","header-below-stick-meta":"","astra-migrate-meta-layouts":"set","ast-page-background-enabled":"default","ast-page-background-meta":{"desktop":{"background-color":"var(--ast-global-color-4)","background-image":"","background-repeat":"repeat","background-position":"center center","background-size":"auto","background-attachment":"scroll","background-type":"","background-media":"","overlay-type":"","overlay-color":"","overlay-opacity":"","overlay-gradient":""},"tablet":{"background-color":"","background-image":"","background-repeat":"repeat","background-position":"center center","background-size":"auto","background-attachment":"scroll","background-type":"","background-media":"","overlay-type":"","overlay-color":"","overlay-opacity":"","overlay-gradient":""},"mobile":{"background-color":"","background-image":"","background-repeat":"repeat","background-position":"center center","background-size":"auto","background-attachment":"scroll","background-type":"","background-media":"","overlay-type":"","overlay-color":"","overlay-opacity":"","overlay-gradient":""}},"ast-content-background-meta":{"desktop":{"background-color":"var(--ast-global-color-5)","background-image":"","background-repeat":"repeat","background-position":"center center","background-size":"auto","background-attachment":"scroll","background-type":"","background-media":"","overlay-type":"","overlay-color":"","overlay-opacity":"","overlay-gradient":""},"tablet":{"background-color":"var(--ast-global-color-5)","background-image":"","background-repeat":"repeat","background-position":"center center","background-size":"auto","background-attachment":"scroll","background-type":"","background-media":"","overlay-type":"","overlay-color":"","overlay-opacity":"","overlay-gradient":""},"mobile":{"background-color":"var(--ast-global-color-5)","background-image":"","background-repeat":"repeat","background-position":"center center","background-size":"auto","background-attachment":"scroll","background-type":"","background-media":"","overlay-type":"","overlay-color":"","overlay-opacity":"","overlay-gradient":""}}},"_links":{"self":[{"href":"https:\/\/corisplongee.com\/index.php\/wp-json\/wp\/v2\/pages\/6"}],"collection":[{"href":"https:\/\/corisplongee.com\/index.php\/wp-json\/wp\/v2\/pages"}],"about":[{"href":"https:\/\/corisplongee.com\/index.php\/wp-json\/wp\/v2\/types\/page"}],"author":[{"embeddable":true,"href":"https:\/\/corisplongee.com\/index.php\/wp-json\/wp\/v2\/users\/1"}],"replies":[{"embeddable":true,"href":"https:\/\/corisplongee.com\/index.php\/wp-json\/wp\/v2\/comments?post=6"}],"version-history":[{"count":173,"href":"https:\/\/corisplongee.com\/index.php\/wp-json\/wp\/v2\/pages\/6\/revisions"}],"predecessor-version":[{"id":1151,"href":"https:\/\/corisplongee.com\/index.php\/wp-json\/wp\/v2\/pages\/6\/revisions\/1151"}],"wp:attachment":[{"href":"https:\/\/corisplongee.com\/index.php\/wp-json\/wp\/v2\/media?parent=6"}],"curies":[{"name":"wp","href":"https:\/\/api.w.org\/{rel}","templated":true}]}}