{"id":434,"date":"2023-05-15T08:44:30","date_gmt":"2023-05-15T08:44:30","guid":{"rendered":"https:\/\/corisplongee.com\/?page_id=434"},"modified":"2025-12-18T10:23:08","modified_gmt":"2025-12-18T10:23:08","slug":"a-propos","status":"publish","type":"page","link":"https:\/\/corisplongee.com\/index.php\/a-propos\/","title":{"rendered":"\u00c0 propos"},"content":{"rendered":"\t\t<div data-elementor-type=\"wp-page\" data-elementor-id=\"434\" class=\"elementor elementor-434\">\n\t\t\t\t\t\t<section class=\"elementor-section elementor-top-section elementor-element elementor-element-546d992 elementor-section-boxed elementor-section-height-default elementor-section-height-default\" data-id=\"546d992\" data-element_type=\"section\">\n\t\t\t\t\t\t<div class=\"elementor-container elementor-column-gap-default\">\n\t\t\t\t\t<div class=\"elementor-column elementor-col-100 elementor-top-column elementor-element elementor-element-69556be\" data-id=\"69556be\" data-element_type=\"column\">\n\t\t\t<div class=\"elementor-widget-wrap elementor-element-populated\">\n\t\t\t\t\t\t<div class=\"elementor-element elementor-element-6843970 elementor-widget elementor-widget-heading\" data-id=\"6843970\" data-element_type=\"widget\" data-widget_type=\"heading.default\">\n\t\t\t\t<div class=\"elementor-widget-container\">\n\t\t\t<style>\/*! elementor - v3.23.0 - 05-08-2024 *\/\n.elementor-heading-title{padding:0;margin:0;line-height:1}.elementor-widget-heading .elementor-heading-title[class*=elementor-size-]>a{color:inherit;font-size:inherit;line-height:inherit}.elementor-widget-heading .elementor-heading-title.elementor-size-small{font-size:15px}.elementor-widget-heading .elementor-heading-title.elementor-size-medium{font-size:19px}.elementor-widget-heading .elementor-heading-title.elementor-size-large{font-size:29px}.elementor-widget-heading .elementor-heading-title.elementor-size-xl{font-size:39px}.elementor-widget-heading .elementor-heading-title.elementor-size-xxl{font-size:59px}<\/style><h2 class=\"elementor-heading-title elementor-size-default\">CORIS PLONG\u00c9E<br>Centre de plong\u00e9e itin\u00e9rant - Marseille<\/h2>\t\t<\/div>\n\t\t\t\t<\/div>\n\t\t\t\t\t<\/div>\n\t\t<\/div>\n\t\t\t\t\t<\/div>\n\t\t<\/section>\n\t\t\t\t<section class=\"elementor-section elementor-top-section elementor-element elementor-element-85842dd elementor-section-boxed elementor-section-height-default elementor-section-height-default\" data-id=\"85842dd\" data-element_type=\"section\" data-settings=\"{&quot;background_background&quot;:&quot;classic&quot;}\">\n\t\t\t\t\t\t<div class=\"elementor-container elementor-column-gap-default\">\n\t\t\t\t\t<div class=\"elementor-column elementor-col-50 elementor-top-column elementor-element elementor-element-a35699d\" data-id=\"a35699d\" data-element_type=\"column\">\n\t\t\t<div class=\"elementor-widget-wrap elementor-element-populated\">\n\t\t\t\t\t\t<div class=\"elementor-element elementor-element-0424b8a elementor-widget elementor-widget-image\" data-id=\"0424b8a\" data-element_type=\"widget\" data-widget_type=\"image.default\">\n\t\t\t\t<div class=\"elementor-widget-container\">\n\t\t\t<style>\/*! elementor - v3.23.0 - 05-08-2024 *\/\n.elementor-widget-image{text-align:center}.elementor-widget-image a{display:inline-block}.elementor-widget-image a img[src$=\".svg\"]{width:48px}.elementor-widget-image img{vertical-align:middle;display:inline-block}<\/style>\t\t\t\t\t\t\t\t\t\t<img fetchpriority=\"high\" decoding=\"async\" width=\"846\" height=\"766\" src=\"https:\/\/corisplongee.com\/wp-content\/uploads\/2023\/05\/Me.jpeg\" class=\"attachment-large size-large wp-image-238\" alt=\"\" srcset=\"https:\/\/corisplongee.com\/wp-content\/uploads\/2023\/05\/Me.jpeg 846w, https:\/\/corisplongee.com\/wp-content\/uploads\/2023\/05\/Me-300x272.jpeg 300w, https:\/\/corisplongee.com\/wp-content\/uploads\/2023\/05\/Me-768x695.jpeg 768w\" sizes=\"(max-width: 846px) 100vw, 846px\">\t\t\t\t\t\t\t\t\t\t\t\t\t<\/div>\n\t\t\t\t<\/div>\n\t\t\t\t\t<\/div>\n\t\t<\/div>\n\t\t\t\t<div class=\"elementor-column elementor-col-50 elementor-top-column elementor-element elementor-element-f04f8c8\" data-id=\"f04f8c8\" data-element_type=\"column\">\n\t\t\t<div class=\"elementor-widget-wrap elementor-element-populated\">\n\t\t\t\t\t\t<div class=\"elementor-element elementor-element-7f0b1e7 elementor-widget elementor-widget-text-editor\" data-id=\"7f0b1e7\" data-element_type=\"widget\" data-widget_type=\"text-editor.default\">\n\t\t\t\t<div class=\"elementor-widget-container\">\n\t\t\t<style>\/*! elementor - v3.23.0 - 05-08-2024 *\/\n.elementor-widget-text-editor.elementor-drop-cap-view-stacked .elementor-drop-cap{background-color:#69727d;color:#fff}.elementor-widget-text-editor.elementor-drop-cap-view-framed .elementor-drop-cap{color:#69727d;border:3px solid;background-color:transparent}.elementor-widget-text-editor:not(.elementor-drop-cap-view-default) .elementor-drop-cap{margin-top:8px}.elementor-widget-text-editor:not(.elementor-drop-cap-view-default) .elementor-drop-cap-letter{width:1em;height:1em}.elementor-widget-text-editor .elementor-drop-cap{float:left;text-align:center;line-height:1;font-size:50px}.elementor-widget-text-editor .elementor-drop-cap-letter{display:inline-block}<\/style>\t\t\t\t<p>Moniteur de plong\u00e9e depuis plusieurs ann\u00e9es d\u00e9j\u00e0, j&rsquo;ai eu la chance de d\u00e9couvrir les fonds marins de diff\u00e9rentes r\u00e9gions du monde. Mais c&rsquo;est \u00e0 Marseille que j&rsquo;ai d\u00e9cid\u00e9 de cr\u00e9er mon centre de plong\u00e9e itin\u00e9rant, pour la beaut\u00e9 du d\u00e9partement des Bouches du Rh\u00f4ne et ses sites de plong\u00e9es exceptionnels.<\/p><p>Olivier BILLET &#8211; <a href=\"https:\/\/corisplongee.com\/\">CORIS PLONG\u00c9E<\/a><\/p>\t\t\t\t\t\t<\/div>\n\t\t\t\t<\/div>\n\t\t\t\t\t<\/div>\n\t\t<\/div>\n\t\t\t\t\t<\/div>\n\t\t<\/section>\n\t\t\t\t<section class=\"elementor-section elementor-top-section elementor-element elementor-element-1aa4383 elementor-section-boxed elementor-section-height-default elementor-section-height-default\" data-id=\"1aa4383\" data-element_type=\"section\">\n\t\t\t\t\t\t<div class=\"elementor-container elementor-column-gap-default\">\n\t\t\t\t\t<div class=\"elementor-column elementor-col-100 elementor-top-column elementor-element elementor-element-6365ef3\" data-id=\"6365ef3\" data-element_type=\"column\">\n\t\t\t<div class=\"elementor-widget-wrap elementor-element-populated\">\n\t\t\t\t\t\t<div class=\"elementor-element elementor-element-73904ae elementor-widget-divider--view-line elementor-widget elementor-widget-divider\" data-id=\"73904ae\" data-element_type=\"widget\" data-widget_type=\"divider.default\">\n\t\t\t\t<div class=\"elementor-widget-container\">\n\t\t\t<style>\/*! elementor - v3.23.0 - 05-08-2024 *\/\n.elementor-widget-divider{--divider-border-style:none;--divider-border-width:1px;--divider-color:#0c0d0e;--divider-icon-size:20px;--divider-element-spacing:10px;--divider-pattern-height:24px;--divider-pattern-size:20px;--divider-pattern-url:none;--divider-pattern-repeat:repeat-x}.elementor-widget-divider .elementor-divider{display:flex}.elementor-widget-divider .elementor-divider__text{font-size:15px;line-height:1;max-width:95%}.elementor-widget-divider .elementor-divider__element{margin:0 var(--divider-element-spacing);flex-shrink:0}.elementor-widget-divider .elementor-icon{font-size:var(--divider-icon-size)}.elementor-widget-divider .elementor-divider-separator{display:flex;margin:0;direction:ltr}.elementor-widget-divider--view-line_icon .elementor-divider-separator,.elementor-widget-divider--view-line_text .elementor-divider-separator{align-items:center}.elementor-widget-divider--view-line_icon .elementor-divider-separator:after,.elementor-widget-divider--view-line_icon .elementor-divider-separator:before,.elementor-widget-divider--view-line_text .elementor-divider-separator:after,.elementor-widget-divider--view-line_text .elementor-divider-separator:before{display:block;content:\"\";border-block-end:0;flex-grow:1;border-block-start:var(--divider-border-width) var(--divider-border-style) var(--divider-color)}.elementor-widget-divider--element-align-left .elementor-divider .elementor-divider-separator>.elementor-divider__svg:first-of-type{flex-grow:0;flex-shrink:100}.elementor-widget-divider--element-align-left .elementor-divider-separator:before{content:none}.elementor-widget-divider--element-align-left .elementor-divider__element{margin-left:0}.elementor-widget-divider--element-align-right .elementor-divider .elementor-divider-separator>.elementor-divider__svg:last-of-type{flex-grow:0;flex-shrink:100}.elementor-widget-divider--element-align-right .elementor-divider-separator:after{content:none}.elementor-widget-divider--element-align-right .elementor-divider__element{margin-right:0}.elementor-widget-divider--element-align-start .elementor-divider .elementor-divider-separator>.elementor-divider__svg:first-of-type{flex-grow:0;flex-shrink:100}.elementor-widget-divider--element-align-start .elementor-divider-separator:before{content:none}.elementor-widget-divider--element-align-start .elementor-divider__element{margin-inline-start:0}.elementor-widget-divider--element-align-end .elementor-divider .elementor-divider-separator>.elementor-divider__svg:last-of-type{flex-grow:0;flex-shrink:100}.elementor-widget-divider--element-align-end .elementor-divider-separator:after{content:none}.elementor-widget-divider--element-align-end .elementor-divider__element{margin-inline-end:0}.elementor-widget-divider:not(.elementor-widget-divider--view-line_text):not(.elementor-widget-divider--view-line_icon) .elementor-divider-separator{border-block-start:var(--divider-border-width) var(--divider-border-style) var(--divider-color)}.elementor-widget-divider--separator-type-pattern{--divider-border-style:none}.elementor-widget-divider--separator-type-pattern.elementor-widget-divider--view-line .elementor-divider-separator,.elementor-widget-divider--separator-type-pattern:not(.elementor-widget-divider--view-line) .elementor-divider-separator:after,.elementor-widget-divider--separator-type-pattern:not(.elementor-widget-divider--view-line) .elementor-divider-separator:before,.elementor-widget-divider--separator-type-pattern:not([class*=elementor-widget-divider--view]) .elementor-divider-separator{width:100%;min-height:var(--divider-pattern-height);-webkit-mask-size:var(--divider-pattern-size) 100%;mask-size:var(--divider-pattern-size) 100%;-webkit-mask-repeat:var(--divider-pattern-repeat);mask-repeat:var(--divider-pattern-repeat);background-color:var(--divider-color);-webkit-mask-image:var(--divider-pattern-url);mask-image:var(--divider-pattern-url)}.elementor-widget-divider--no-spacing{--divider-pattern-size:auto}.elementor-widget-divider--bg-round{--divider-pattern-repeat:round}.rtl .elementor-widget-divider .elementor-divider__text{direction:rtl}.e-con-inner>.elementor-widget-divider,.e-con>.elementor-widget-divider{width:var(--container-widget-width,100%);--flex-grow:var(--container-widget-flex-grow)}<\/style>\t\t<div class=\"elementor-divider\">\n\t\t\t<span class=\"elementor-divider-separator\">\n\t\t\t\t\t\t<\/span>\n\t\t<\/div>\n\t\t\t\t<\/div>\n\t\t\t\t<\/div>\n\t\t\t\t\t<\/div>\n\t\t<\/div>\n\t\t\t\t\t<\/div>\n\t\t<\/section>\n\t\t\t\t<section class=\"elementor-section elementor-top-section elementor-element elementor-element-d0ffb17 elementor-section-boxed elementor-section-height-default elementor-section-height-default\" data-id=\"d0ffb17\" data-element_type=\"section\">\n\t\t\t\t\t\t<div class=\"elementor-container elementor-column-gap-default\">\n\t\t\t\t\t<div class=\"elementor-column elementor-col-100 elementor-top-column elementor-element elementor-element-3734c49\" data-id=\"3734c49\" data-element_type=\"column\">\n\t\t\t<div class=\"elementor-widget-wrap elementor-element-populated\">\n\t\t\t\t\t\t<div class=\"elementor-element elementor-element-a3f124a elementor-widget elementor-widget-text-editor\" data-id=\"a3f124a\" data-element_type=\"widget\" data-widget_type=\"text-editor.default\">\n\t\t\t\t<div class=\"elementor-widget-container\">\n\t\t\t\t\t\t\t<h4><span style=\"color: var(--ast-global-color-2); font-size: 1.5625rem; font-style: inherit; background-color: var(--ast-global-color-5);\">Un petit mot sur Marseille et le parc national des calanques<\/span><br><\/h4>\n<p>La commune de Marseille a une fa\u00e7ade maritime d&rsquo;environ 60 kilom\u00e8tres dont plus de 20 kilom\u00e8tres de&nbsp;<a title=\"Calanques\" href=\"https:\/\/fr.wikipedia.org\/wiki\/Calanques\" rel=\"nofollow noopener\" target=\"_blank\">calanques<\/a>.<\/p>\n<p>Les&nbsp;calanques&nbsp;s&rsquo;\u00e9tendent depuis le village Marseillais des Goudes, jusqu&rsquo;\u00e0 la ville de Cassis. C&rsquo;est un des sites les plus remarquables de France et une zone majeure de ressources naturelles et d&rsquo;activit\u00e9s sportives.&nbsp;<\/p>\n<p>\u00c0 l&rsquo;issue d&rsquo;un processus entam\u00e9 en&nbsp;1999, un&nbsp;<a title=\"Parc national des Calanques\" href=\"https:\/\/fr.wikipedia.org\/wiki\/Parc_national_des_Calanques\" rel=\"nofollow noopener\" target=\"_blank\">Parc national des Calanques<\/a>&nbsp;a \u00e9t\u00e9 cr\u00e9\u00e9 en&nbsp;2012, afin d&rsquo;en prot\u00e9ger le patrimoine naturel sur terre et en mer. Il regroupe un territoire de&nbsp;<span title=\"111&nbsp;000&nbsp;000 m\u00b2 ou 111 km\u00b2\">11 000<\/span>&nbsp;hectares sur terre, sur les communes de Marseille,&nbsp;<a title=\"Cassis (Bouches-du-Rh\u00f4ne)\" href=\"https:\/\/fr.wikipedia.org\/wiki\/Cassis_(Bouches-du-Rh%C3%B4ne)\" rel=\"nofollow noopener\" target=\"_blank\">Cassis<\/a>&nbsp;et&nbsp;<a title=\"La Ciotat\" href=\"https:\/\/fr.wikipedia.org\/wiki\/La_Ciotat\" rel=\"nofollow noopener\" target=\"_blank\">La Ciotat<\/a>&nbsp;et&nbsp;<span title=\"1&nbsp;413&nbsp;000&nbsp;000 m\u00b2 ou 1&nbsp;413 km\u00b2\">141 000<\/span> hectares en mer.<sup id=\"cite_ref-18\" class=\"reference\"><\/sup> C&rsquo;est le premier parc national p\u00e9riurbain d&rsquo;Europe.<\/p>\n<p>Marseille compte pr\u00e8s de cent sites de plong\u00e9e sous-marine<sup id=\"cite_ref-carte_des_sites_20-0\" class=\"reference\"><\/sup>, les plus renomm\u00e9s \u00e9tant l&rsquo;<a title=\"\u00cele de Riou\" href=\"https:\/\/fr.wikipedia.org\/wiki\/%C3%8Ele_de_Riou\" rel=\"nofollow noopener\" target=\"_blank\">archipel de Riou<\/a>, l&rsquo;<a title=\"\u00celes du Frioul\" href=\"https:\/\/fr.wikipedia.org\/wiki\/%C3%8Eles_du_Frioul\" rel=\"nofollow noopener\" target=\"_blank\">archipel du Frioul<\/a>&nbsp;et l&rsquo;<a title=\"\u00cele de Planier\" href=\"https:\/\/fr.wikipedia.org\/wiki\/%C3%8Ele_de_Planier\" rel=\"nofollow noopener\" target=\"_blank\">\u00eele de Planier<\/a>.<\/p>\t\t\t\t\t\t<\/div>\n\t\t\t\t<\/div>\n\t\t\t\t\t<\/div>\n\t\t<\/div>\n\t\t\t\t\t<\/div>\n\t\t<\/section>\n\t\t\t\t<section class=\"elementor-section elementor-top-section elementor-element elementor-element-12e0d5b elementor-section-boxed elementor-section-height-default elementor-section-height-default\" data-id=\"12e0d5b\" data-element_type=\"section\">\n\t\t\t\t\t\t<div class=\"elementor-container elementor-column-gap-default\">\n\t\t\t\t\t<div class=\"elementor-column elementor-col-100 elementor-top-column elementor-element elementor-element-c866083\" data-id=\"c866083\" data-element_type=\"column\">\n\t\t\t<div class=\"elementor-widget-wrap elementor-element-populated\">\n\t\t\t\t\t\t<div class=\"elementor-element elementor-element-f770559 elementor-widget elementor-widget-text-editor\" data-id=\"f770559\" data-element_type=\"widget\" data-widget_type=\"text-editor.default\">\n\t\t\t\t<div class=\"elementor-widget-container\">\n\t\t\t\t\t\t\t<h4>La c\u00f4te bleue<\/h4>\n<p>La&nbsp;<a href=\"https:\/\/www.marseille-tourisme.com\/decouvrez-marseille\/autour-de-marseille\/la-cote-bleue\/\" rel=\"nofollow noopener\" target=\"_blank\"><b>C\u00f4te Bleue<\/b><\/a>&nbsp;d\u00e9signe une portion de c\u00f4te m\u00e9diterran\u00e9enne, situ\u00e9e \u00e0 l\u2019ouest de&nbsp;<a title=\"Marseille\" href=\"https:\/\/fr.wikipedia.org\/wiki\/Marseille\" rel=\"nofollow noopener\" target=\"_blank\">Marseille<\/a>, jusqu&rsquo;\u00e0 l&#8217;embouchure de l&rsquo;<a title=\"\u00c9tang de Berre\" href=\"https:\/\/fr.wikipedia.org\/wiki\/%C3%89tang_de_Berre\" rel=\"nofollow noopener\" target=\"_blank\">\u00e9tang de Berre<\/a>. C&rsquo;est la bordure maritime des communes du&nbsp;<a title=\"Le Rove\" href=\"https:\/\/fr.wikipedia.org\/wiki\/Le_Rove\" rel=\"nofollow noopener\" target=\"_blank\">Rove<\/a>, d&rsquo;<a title=\"Ensu\u00e8s-la-Redonne\" href=\"https:\/\/fr.wikipedia.org\/wiki\/Ensu%C3%A8s-la-Redonne\" rel=\"nofollow noopener\" target=\"_blank\">Ensu\u00e8s-la-Redonne<\/a>, de&nbsp;<a title=\"Carry-le-Rouet\" href=\"https:\/\/fr.wikipedia.org\/wiki\/Carry-le-Rouet\" rel=\"nofollow noopener\" target=\"_blank\">Carry-le-Rouet<\/a>, de&nbsp;<a title=\"Sausset-les-Pins\" href=\"https:\/\/fr.wikipedia.org\/wiki\/Sausset-les-Pins\" rel=\"nofollow noopener\" target=\"_blank\">Sausset-les-Pins<\/a>&nbsp;et enfin de&nbsp;<a title=\"Martigues\" href=\"https:\/\/fr.wikipedia.org\/wiki\/Martigues\" rel=\"nofollow noopener\" target=\"_blank\">Martigues<\/a>.<\/p>\n<p>Le nom \u00ab&nbsp;C\u00f4te Bleue&nbsp;\u00bb fait r\u00e9f\u00e9rence \u00e0 la couleur de l&rsquo;eau qui borde le massif rocheux, la&nbsp;<a title=\"Cha\u00eene de l&#039;Estaque\" href=\"https:\/\/fr.wikipedia.org\/wiki\/Cha%C3%AEne_de_l%27Estaque\" rel=\"nofollow noopener\" target=\"_blank\">cha\u00eene de l&rsquo;Estaque<\/a>&nbsp;(encore appel\u00e9e cha\u00eene de la Nerthe).<\/p>\n<p>Fin 1982, une zone marine prot\u00e9g\u00e9e de 85 hectares est cr\u00e9\u00e9e sur le littoral entre le port de Carry-le-Rouet et le cap de Nantes. Toutes les formes de p\u00eache y sont interdites, ainsi que la plong\u00e9e en scaphandre et le mouillage de bateaux, et la gestion est confi\u00e9e \u00e0 un syndicat mixte ouvert, avec comme membres associ\u00e9s les p\u00eacheurs professionnels.<\/p>\n<p>Sausset-les-Pins fait partie du parc marin de la C\u00f4te Bleue depuis 1983.<\/p>\n<p>En 1996, une zone marine prot\u00e9g\u00e9e de 210 hectares est cr\u00e9\u00e9e devant le&nbsp;<a title=\"Cap Couronne\" href=\"https:\/\/fr.wikipedia.org\/wiki\/Cap_Couronne\" rel=\"nofollow noopener\" target=\"_blank\">cap Couronne<\/a>, d\u00e9butant \u00e0 environ 50 m\u00e8tres de la c\u00f4te, avec les m\u00eames interdictions.<\/p>\n<p>En 2012, le p\u00e9rim\u00e8tre du parc marin est \u00e9rig\u00e9 au statut d&rsquo;\u00ab&nbsp;<a title=\"Aire sp\u00e9cialement prot\u00e9g\u00e9e d&#039;importance m\u00e9diterran\u00e9enne\" href=\"https:\/\/fr.wikipedia.org\/wiki\/Aire_sp%C3%A9cialement_prot%C3%A9g%C3%A9e_d%27importance_m%C3%A9diterran%C3%A9enne\" rel=\"nofollow noopener\" target=\"_blank\">Aire sp\u00e9cialement prot\u00e9g\u00e9e d&rsquo;importance m\u00e9diterran\u00e9enne<\/a>&nbsp;\u00bb (ASPIM), et b\u00e9n\u00e9ficie depuis 2014 d&rsquo;une inscription sur la&nbsp;<a title=\"Liste verte de l&#039;UICN\" href=\"https:\/\/fr.wikipedia.org\/wiki\/Liste_verte_de_l%27UICN\" rel=\"nofollow noopener\" target=\"_blank\">Liste verte de l&rsquo;UICN<\/a>, reconnaissance de la qualit\u00e9 de sa gestion.<\/p>\n<p>En novembre 2015, une large zone maritime, entre La Couronne \u00e0 l&rsquo;ouest, l&rsquo;Estaque \u00e0 l&rsquo;est et un point au large au sud, est class\u00e9e en&nbsp;<a title=\"Zone de protection sp\u00e9ciale\" href=\"https:\/\/fr.wikipedia.org\/wiki\/Zone_de_protection_sp%C3%A9ciale\" rel=\"nofollow noopener\" target=\"_blank\">zone de protection sp\u00e9ciale<\/a>&nbsp;(Natura 2000), sous le nom de \u00ab&nbsp;C\u00f4te Bleue Marine&nbsp;\u00bb.<\/p>\n<p>Le parc compte aussi deux r\u00e9serves int\u00e9grales (<span title=\"850&nbsp;000 m\u00b2 ou 0,85 km\u00b2\">85<\/span>&nbsp;<abbr class=\"abbr\" title=\"hectare\">ha<\/abbr>&nbsp;\u00e0 Carry et&nbsp;<span title=\"2&nbsp;100&nbsp;000 m\u00b2 ou 2,1 km\u00b2\">210<\/span>&nbsp;<abbr class=\"abbr\" title=\"hectare\">ha<\/abbr>&nbsp;\u00e0 Couronne), class\u00e9es&nbsp;<span class=\"citation\">\u00ab&nbsp;1b&nbsp;\u00bb<\/span>&nbsp;selon la&nbsp;<a title=\"Cat\u00e9gorie:Aire prot\u00e9g\u00e9e par cat\u00e9gorie UICN\" href=\"https:\/\/fr.wikipedia.org\/wiki\/Cat%C3%A9gorie:Aire_prot%C3%A9g%C3%A9e_par_cat%C3%A9gorie_UICN\" rel=\"nofollow noopener\" target=\"_blank\">classification de l&rsquo;UICN<\/a>&nbsp;(niveau de protection le plus \u00e9lev\u00e9), et qui devraient \u00e9galement \u00eatre reconnues comme ZPF de l\u2019\u00c9tat.<\/p>\t\t\t\t\t\t<\/div>\n\t\t\t\t<\/div>\n\t\t\t\t\t<\/div>\n\t\t<\/div>\n\t\t\t\t\t<\/div>\n\t\t<\/section>\n\t\t\t\t<\/div>\n\t\t","protected":false},"excerpt":{"rendered":"<p>CORIS PLONG\u00c9ECentre de plong\u00e9e itin\u00e9rant &#8211; Marseille Moniteur de plong\u00e9e depuis plusieurs ann\u00e9es d\u00e9j\u00e0, j&rsquo;ai eu la chance de d\u00e9couvrir les fonds marins de diff\u00e9rentes r\u00e9gions du monde. Mais c&rsquo;est \u00e0 Marseille que j&rsquo;ai d\u00e9cid\u00e9 de cr\u00e9er mon centre de plong\u00e9e itin\u00e9rant, pour la beaut\u00e9 du d\u00e9partement des Bouches du Rh\u00f4ne et ses sites de [&hellip;]<\/p>\n","protected":false},"author":1,"featured_media":0,"parent":0,"menu_order":0,"comment_status":"closed","ping_status":"closed","template":"","meta":{"site-sidebar-layout":"no-sidebar","site-content-layout":"page-builder","ast-site-content-layout":"default","site-content-style":"default","site-sidebar-style":"default","ast-global-header-display":"","ast-banner-title-visibility":"","ast-main-header-display":"","ast-hfb-above-header-display":"","ast-hfb-below-header-display":"","ast-hfb-mobile-header-display":"","site-post-title":"disabled","ast-breadcrumbs-content":"","ast-featured-img":"disabled","footer-sml-layout":"","ast-disable-related-posts":"","theme-transparent-header-meta":"","adv-header-id-meta":"","stick-header-meta":"","header-above-stick-meta":"","header-main-stick-meta":"","header-below-stick-meta":"","astra-migrate-meta-layouts":"default","ast-page-background-enabled":"default","ast-page-background-meta":{"desktop":{"background-color":"var(--ast-global-color-4)","background-image":"","background-repeat":"repeat","background-position":"center center","background-size":"auto","background-attachment":"scroll","background-type":"","background-media":"","overlay-type":"","overlay-color":"","overlay-opacity":"","overlay-gradient":""},"tablet":{"background-color":"","background-image":"","background-repeat":"repeat","background-position":"center center","background-size":"auto","background-attachment":"scroll","background-type":"","background-media":"","overlay-type":"","overlay-color":"","overlay-opacity":"","overlay-gradient":""},"mobile":{"background-color":"","background-image":"","background-repeat":"repeat","background-position":"center center","background-size":"auto","background-attachment":"scroll","background-type":"","background-media":"","overlay-type":"","overlay-color":"","overlay-opacity":"","overlay-gradient":""}},"ast-content-background-meta":{"desktop":{"background-color":"var(--ast-global-color-5)","background-image":"","background-repeat":"repeat","background-position":"center center","background-size":"auto","background-attachment":"scroll","background-type":"","background-media":"","overlay-type":"","overlay-color":"","overlay-opacity":"","overlay-gradient":""},"tablet":{"background-color":"var(--ast-global-color-5)","background-image":"","background-repeat":"repeat","background-position":"center center","background-size":"auto","background-attachment":"scroll","background-type":"","background-media":"","overlay-type":"","overlay-color":"","overlay-opacity":"","overlay-gradient":""},"mobile":{"background-color":"var(--ast-global-color-5)","background-image":"","background-repeat":"repeat","background-position":"center center","background-size":"auto","background-attachment":"scroll","background-type":"","background-media":"","overlay-type":"","overlay-color":"","overlay-opacity":"","overlay-gradient":""}}},"_links":{"self":[{"href":"https:\/\/corisplongee.com\/index.php\/wp-json\/wp\/v2\/pages\/434"}],"collection":[{"href":"https:\/\/corisplongee.com\/index.php\/wp-json\/wp\/v2\/pages"}],"about":[{"href":"https:\/\/corisplongee.com\/index.php\/wp-json\/wp\/v2\/types\/page"}],"author":[{"embeddable":true,"href":"https:\/\/corisplongee.com\/index.php\/wp-json\/wp\/v2\/users\/1"}],"replies":[{"embeddable":true,"href":"https:\/\/corisplongee.com\/index.php\/wp-json\/wp\/v2\/comments?post=434"}],"version-history":[{"count":49,"href":"https:\/\/corisplongee.com\/index.php\/wp-json\/wp\/v2\/pages\/434\/revisions"}],"predecessor-version":[{"id":1096,"href":"https:\/\/corisplongee.com\/index.php\/wp-json\/wp\/v2\/pages\/434\/revisions\/1096"}],"wp:attachment":[{"href":"https:\/\/corisplongee.com\/index.php\/wp-json\/wp\/v2\/media?parent=434"}],"curies":[{"name":"wp","href":"https:\/\/api.w.org\/{rel}","templated":true}]}}