{"id":17,"date":"2023-05-10T12:05:08","date_gmt":"2023-05-10T12:05:08","guid":{"rendered":"https:\/\/corisplongee.com\/?page_id=17"},"modified":"2024-04-05T06:28:46","modified_gmt":"2024-04-05T06:28:46","slug":"tarifs","status":"publish","type":"page","link":"https:\/\/corisplongee.com\/index.php\/tarifs\/","title":{"rendered":"Tarifs"},"content":{"rendered":"\t\t<div data-elementor-type=\"wp-page\" data-elementor-id=\"17\" class=\"elementor elementor-17\">\n\t\t\t\t\t\t<section class=\"elementor-section elementor-top-section elementor-element elementor-element-60ba69f elementor-section-height-min-height elementor-section-boxed elementor-section-height-default elementor-section-items-middle\" data-id=\"60ba69f\" data-element_type=\"section\">\n\t\t\t\t\t\t<div class=\"elementor-container elementor-column-gap-default\">\n\t\t\t\t\t<div class=\"elementor-column elementor-col-100 elementor-top-column elementor-element elementor-element-162aa2d\" data-id=\"162aa2d\" data-element_type=\"column\">\n\t\t\t<div class=\"elementor-widget-wrap elementor-element-populated\">\n\t\t\t\t\t\t<div class=\"elementor-element elementor-element-1efbd4e elementor-widget elementor-widget-heading\" data-id=\"1efbd4e\" data-element_type=\"widget\" data-widget_type=\"heading.default\">\n\t\t\t\t<div class=\"elementor-widget-container\">\n\t\t\t<style>\/*! elementor - v3.23.0 - 05-08-2024 *\/\n.elementor-heading-title{padding:0;margin:0;line-height:1}.elementor-widget-heading .elementor-heading-title[class*=elementor-size-]>a{color:inherit;font-size:inherit;line-height:inherit}.elementor-widget-heading .elementor-heading-title.elementor-size-small{font-size:15px}.elementor-widget-heading .elementor-heading-title.elementor-size-medium{font-size:19px}.elementor-widget-heading .elementor-heading-title.elementor-size-large{font-size:29px}.elementor-widget-heading .elementor-heading-title.elementor-size-xl{font-size:39px}.elementor-widget-heading .elementor-heading-title.elementor-size-xxl{font-size:59px}<\/style><h2 class=\"elementor-heading-title elementor-size-default\">TARIFS<\/h2>\t\t<\/div>\n\t\t\t\t<\/div>\n\t\t\t\t\t<\/div>\n\t\t<\/div>\n\t\t\t\t\t<\/div>\n\t\t<\/section>\n\t\t\t\t<section class=\"elementor-section elementor-top-section elementor-element elementor-element-b5f3c50 elementor-section-height-min-height elementor-section-boxed elementor-section-height-default elementor-section-items-middle\" data-id=\"b5f3c50\" data-element_type=\"section\" data-settings=\"{&quot;background_background&quot;:&quot;classic&quot;}\">\n\t\t\t\t\t\t\t<div class=\"elementor-background-overlay\"><\/div>\n\t\t\t\t\t\t\t<div class=\"elementor-container elementor-column-gap-default\">\n\t\t\t\t\t<div class=\"elementor-column elementor-col-100 elementor-top-column elementor-element elementor-element-dbc01d3\" data-id=\"dbc01d3\" data-element_type=\"column\">\n\t\t\t<div class=\"elementor-widget-wrap elementor-element-populated\">\n\t\t\t\t\t\t<div class=\"elementor-element elementor-element-fbcbb7e elementor-widget elementor-widget-text-editor\" data-id=\"fbcbb7e\" data-element_type=\"widget\" data-widget_type=\"text-editor.default\">\n\t\t\t\t<div class=\"elementor-widget-container\">\n\t\t\t<style>\/*! elementor - v3.23.0 - 05-08-2024 *\/\n.elementor-widget-text-editor.elementor-drop-cap-view-stacked .elementor-drop-cap{background-color:#69727d;color:#fff}.elementor-widget-text-editor.elementor-drop-cap-view-framed .elementor-drop-cap{color:#69727d;border:3px solid;background-color:transparent}.elementor-widget-text-editor:not(.elementor-drop-cap-view-default) .elementor-drop-cap{margin-top:8px}.elementor-widget-text-editor:not(.elementor-drop-cap-view-default) .elementor-drop-cap-letter{width:1em;height:1em}.elementor-widget-text-editor .elementor-drop-cap{float:left;text-align:center;line-height:1;font-size:50px}.elementor-widget-text-editor .elementor-drop-cap-letter{display:inline-block}<\/style>\t\t\t\t<table><tbody><tr><td width=\"302\"><p><a href=\"https:\/\/corisplongee.com\/index.php\/randonnee-palmee-snorkeling\/\"><strong>RANDONN\u00c9E PALM\u00c9E \/ SNORKELING<\/strong><\/a><\/p><ul><li>Deux personnes minimum<\/li><\/ul><\/td><td width=\"302\"><p><strong>30 \u20ac<\/strong><\/p><\/td><\/tr><tr><td width=\"302\"><p><a href=\"https:\/\/corisplongee.com\/index.php\/bapteme-de-plongee\/\"><strong>BAPT\u00caME DE PLONG\u00c9E<\/strong><\/a><\/p><p><strong><a href=\"https:\/\/corisplongee.com\/index.php\/initiation\/\">INITIATION<\/a><\/strong><\/p><\/td><td width=\"302\"><p><strong>80 \u20ac<\/strong><\/p><p><strong>90 \u20ac<\/strong><\/p><\/td><\/tr><tr><td width=\"302\"><p><a href=\"https:\/\/corisplongee.com\/index.php\/formations-plongee\/\"><strong>PLONG\u00c9E DE R\u00c9ADAPTATION<\/strong><\/a><\/p><\/td><td width=\"302\"><p><strong>70 \u20ac<\/strong><\/p><\/td><\/tr><tr><td width=\"302\"><p><a href=\"https:\/\/corisplongee.com\/index.php\/plongees-dexploration\/\"><strong>PLONG\u00c9E ENCADR\u00c9E TOUT \u00c9QUIP\u00c9<\/strong><\/a><\/p><\/td><td width=\"302\"><p><strong>50\u20ac =&gt; 45 \u20ac \u00e0 partir de 2 personnes<\/strong><\/p><\/td><\/tr><tr><td width=\"302\"><p><a href=\"https:\/\/corisplongee.com\/index.php\/plongees-dexploration\/\"><strong>PLONG\u00c9E ENCADR\u00c9E SANS L\u2019\u00c9QUIPEMENT<\/strong><\/a><\/p><ul><li>Bloc fourni<\/li><\/ul><\/td><td width=\"302\"><p><strong>40 \u20ac =&gt; 35\u20ac \u00e0 partir de 2 personnes<\/strong><\/p><\/td><\/tr><tr><td width=\"302\"><p><a href=\"https:\/\/corisplongee.com\/index.php\/plongee-de-nuit\/\"><strong>PLONG\u00c9E DE NUIT<\/strong><\/a><\/p><\/td><td width=\"302\"><p><strong>60 \u20ac<\/strong><\/p><\/td><\/tr><\/tbody><\/table>\t\t\t\t\t\t<\/div>\n\t\t\t\t<\/div>\n\t\t\t\t\t<\/div>\n\t\t<\/div>\n\t\t\t\t\t<\/div>\n\t\t<\/section>\n\t\t\t\t<section class=\"elementor-section elementor-top-section elementor-element elementor-element-08811cf elementor-section-height-min-height elementor-section-content-middle elementor-section-boxed elementor-section-height-default elementor-section-items-middle\" data-id=\"08811cf\" data-element_type=\"section\">\n\t\t\t\t\t\t<div class=\"elementor-container elementor-column-gap-default\">\n\t\t\t\t\t<div class=\"elementor-column elementor-col-100 elementor-top-column elementor-element elementor-element-4a78b7a\" data-id=\"4a78b7a\" data-element_type=\"column\">\n\t\t\t<div class=\"elementor-widget-wrap elementor-element-populated\">\n\t\t\t\t\t\t<div class=\"elementor-element elementor-element-2818362 elementor-widget elementor-widget-heading\" data-id=\"2818362\" data-element_type=\"widget\" data-widget_type=\"heading.default\">\n\t\t\t\t<div class=\"elementor-widget-container\">\n\t\t\t<h2 class=\"elementor-heading-title elementor-size-large\">TARIFS FORMATIONS<\/h2>\t\t<\/div>\n\t\t\t\t<\/div>\n\t\t\t\t\t<\/div>\n\t\t<\/div>\n\t\t\t\t\t<\/div>\n\t\t<\/section>\n\t\t\t\t<section class=\"elementor-section elementor-top-section elementor-element elementor-element-d822b2d elementor-section-stretched elementor-section-boxed elementor-section-height-default elementor-section-height-default\" data-id=\"d822b2d\" data-element_type=\"section\" data-settings=\"{&quot;stretch_section&quot;:&quot;section-stretched&quot;}\">\n\t\t\t\t\t\t<div class=\"elementor-container elementor-column-gap-custom\">\n\t\t\t\t\t<div class=\"elementor-column elementor-col-100 elementor-top-column elementor-element elementor-element-f9e7c37\" data-id=\"f9e7c37\" data-element_type=\"column\">\n\t\t\t<div class=\"elementor-widget-wrap elementor-element-populated\">\n\t\t\t\t\t\t<div class=\"elementor-element elementor-element-499779d elementor-widget__width-initial elementor-widget elementor-widget-text-editor\" data-id=\"499779d\" data-element_type=\"widget\" data-widget_type=\"text-editor.default\">\n\t\t\t\t<div class=\"elementor-widget-container\">\n\t\t\t\t\t\t\t<p>PE : Plongeur encadr\u00e9&nbsp; &nbsp; &nbsp;<span style=\"font-style: inherit; font-weight: inherit; color: var( --e-global-color-astglobalcolor2 ); font-family: var( --e-global-typography-text-font-family ), Sans-serif; background-color: var(--ast-global-color-5);\">PA : Plongeur autonome<\/span><\/p>\t\t\t\t\t\t<\/div>\n\t\t\t\t<\/div>\n\t\t\t\t\t<\/div>\n\t\t<\/div>\n\t\t\t\t\t<\/div>\n\t\t<\/section>\n\t\t\t\t<section class=\"elementor-section elementor-top-section elementor-element elementor-element-94d27c8 elementor-section-height-min-height elementor-section-boxed elementor-section-height-default elementor-section-items-middle\" data-id=\"94d27c8\" data-element_type=\"section\" data-settings=\"{&quot;background_background&quot;:&quot;classic&quot;}\">\n\t\t\t\t\t\t\t<div class=\"elementor-background-overlay\"><\/div>\n\t\t\t\t\t\t\t<div class=\"elementor-container elementor-column-gap-default\">\n\t\t\t\t\t<div class=\"elementor-column elementor-col-100 elementor-top-column elementor-element elementor-element-2b03d28\" data-id=\"2b03d28\" data-element_type=\"column\">\n\t\t\t<div class=\"elementor-widget-wrap elementor-element-populated\">\n\t\t\t\t\t\t<div class=\"elementor-element elementor-element-c510868 elementor-widget elementor-widget-text-editor\" data-id=\"c510868\" data-element_type=\"widget\" data-widget_type=\"text-editor.default\">\n\t\t\t\t<div class=\"elementor-widget-container\">\n\t\t\t\t\t\t\t<table><tbody><tr><td width=\"302\"><p><a href=\"https:\/\/corisplongee.com\/index.php\/formations-plongee\/\"><strong>NIVEAU 1 (PE20)<\/strong><\/a><\/p><\/td><td width=\"302\"><p><strong>380 \u20ac<\/strong><\/p><\/td><\/tr><tr><td width=\"302\"><p><a href=\"https:\/\/corisplongee.com\/index.php\/formations-plongee\/\"><strong>NIVEAU 2 (PA20 + PE40)<\/strong><\/a><\/p><p>+ Certification Nitrox simple<\/p><\/td><td width=\"302\"><p><strong>600 \u20ac<\/strong><\/p><p>80 \u20ac<\/p><\/td><\/tr><tr><td width=\"302\"><p><a href=\"https:\/\/corisplongee.com\/index.php\/formations-plongee\/\"><strong>PA 20<\/strong><\/a><\/p><\/td><td width=\"302\"><p><strong>450 \u20ac<\/strong><\/p><\/td><\/tr><tr><td width=\"302\"><p><a href=\"https:\/\/corisplongee.com\/index.php\/formations-plongee\/\"><strong>PE 40<\/strong><\/a><\/p><\/td><td width=\"302\"><p><strong>250 \u20ac<\/strong><\/p><\/td><\/tr><tr><td width=\"302\"><p><a href=\"https:\/\/corisplongee.com\/index.php\/formations-plongee\/\"><strong>PA 40<\/strong><\/a><\/p><\/td><td width=\"302\"><p><strong>550 \u20ac<\/strong><\/p><\/td><\/tr><tr><td width=\"302\"><p><a href=\"https:\/\/corisplongee.com\/index.php\/formations-plongee\/\"><strong>NIVEAU 3<\/strong><\/a><\/p><\/td><td width=\"302\"><p><strong>700 \u20ac<\/strong><\/p><\/td><\/tr><tr><td width=\"302\"><p><a href=\"https:\/\/corisplongee.com\/index.php\/formations-plongee\/\"><strong>NIVEAU 4<\/strong><\/a><\/p><\/td><td width=\"302\"><p><strong>1000 \u20ac<\/strong><\/p><\/td><\/tr><\/tbody><\/table>\t\t\t\t\t\t<\/div>\n\t\t\t\t<\/div>\n\t\t\t\t\t<\/div>\n\t\t<\/div>\n\t\t\t\t\t<\/div>\n\t\t<\/section>\n\t\t\t\t<section class=\"elementor-section elementor-top-section elementor-element elementor-element-83f43b8 elementor-section-boxed elementor-section-height-default elementor-section-height-default\" data-id=\"83f43b8\" data-element_type=\"section\">\n\t\t\t\t\t\t<div class=\"elementor-container elementor-column-gap-default\">\n\t\t\t\t\t<div class=\"elementor-column elementor-col-100 elementor-top-column elementor-element elementor-element-4aab41b\" data-id=\"4aab41b\" data-element_type=\"column\">\n\t\t\t<div class=\"elementor-widget-wrap elementor-element-populated\">\n\t\t\t\t\t\t<div class=\"elementor-element elementor-element-bb43eea elementor-widget elementor-widget-spacer\" data-id=\"bb43eea\" data-element_type=\"widget\" data-widget_type=\"spacer.default\">\n\t\t\t\t<div class=\"elementor-widget-container\">\n\t\t\t<style>\/*! elementor - v3.23.0 - 05-08-2024 *\/\n.elementor-column .elementor-spacer-inner{height:var(--spacer-size)}.e-con{--container-widget-width:100%}.e-con-inner>.elementor-widget-spacer,.e-con>.elementor-widget-spacer{width:var(--container-widget-width,var(--spacer-size));--align-self:var(--container-widget-align-self,initial);--flex-shrink:0}.e-con-inner>.elementor-widget-spacer>.elementor-widget-container,.e-con>.elementor-widget-spacer>.elementor-widget-container{height:100%;width:100%}.e-con-inner>.elementor-widget-spacer>.elementor-widget-container>.elementor-spacer,.e-con>.elementor-widget-spacer>.elementor-widget-container>.elementor-spacer{height:100%}.e-con-inner>.elementor-widget-spacer>.elementor-widget-container>.elementor-spacer>.elementor-spacer-inner,.e-con>.elementor-widget-spacer>.elementor-widget-container>.elementor-spacer>.elementor-spacer-inner{height:var(--container-widget-height,var(--spacer-size))}.e-con-inner>.elementor-widget-spacer.elementor-widget-empty,.e-con>.elementor-widget-spacer.elementor-widget-empty{position:relative;min-height:22px;min-width:22px}.e-con-inner>.elementor-widget-spacer.elementor-widget-empty .elementor-widget-empty-icon,.e-con>.elementor-widget-spacer.elementor-widget-empty .elementor-widget-empty-icon{position:absolute;top:0;bottom:0;left:0;right:0;margin:auto;padding:0;width:22px;height:22px}<\/style>\t\t<div class=\"elementor-spacer\">\n\t\t\t<div class=\"elementor-spacer-inner\"><\/div>\n\t\t<\/div>\n\t\t\t\t<\/div>\n\t\t\t\t<\/div>\n\t\t\t\t\t<\/div>\n\t\t<\/div>\n\t\t\t\t\t<\/div>\n\t\t<\/section>\n\t\t\t\t<section class=\"elementor-section elementor-top-section elementor-element elementor-element-87775df elementor-section-boxed elementor-section-height-default elementor-section-height-default\" data-id=\"87775df\" data-element_type=\"section\" data-settings=\"{&quot;background_background&quot;:&quot;classic&quot;}\">\n\t\t\t\t\t\t<div class=\"elementor-container elementor-column-gap-default\">\n\t\t\t\t\t<div class=\"elementor-column elementor-col-100 elementor-top-column elementor-element elementor-element-71f7127\" data-id=\"71f7127\" data-element_type=\"column\">\n\t\t\t<div class=\"elementor-widget-wrap elementor-element-populated\">\n\t\t\t\t\t\t<div class=\"elementor-element elementor-element-57b0e4d elementor-widget elementor-widget-text-editor\" data-id=\"57b0e4d\" data-element_type=\"widget\" data-widget_type=\"text-editor.default\">\n\t\t\t\t<div class=\"elementor-widget-container\">\n\t\t\t\t\t\t\t<p>Toutes les formations donnent droit \u00e0 une certification <a href=\"https:\/\/www.anmp-plongee.com\/\" rel=\"nofollow noopener\" target=\"_blank\">ANMP<\/a>, avec une carte de niveau que vous recevrez \u00e0 domicile et qui permet de prouver votre aptitude en France et \u00e0 l&rsquo;\u00e9tranger.<\/p>\t\t\t\t\t\t<\/div>\n\t\t\t\t<\/div>\n\t\t\t\t\t<\/div>\n\t\t<\/div>\n\t\t\t\t\t<\/div>\n\t\t<\/section>\n\t\t\t\t<section class=\"elementor-section elementor-top-section elementor-element elementor-element-cef8b7e elementor-section-boxed elementor-section-height-default elementor-section-height-default\" data-id=\"cef8b7e\" data-element_type=\"section\">\n\t\t\t\t\t\t<div class=\"elementor-container elementor-column-gap-default\">\n\t\t\t\t\t<div class=\"elementor-column elementor-col-100 elementor-top-column elementor-element elementor-element-01fdfab\" data-id=\"01fdfab\" data-element_type=\"column\">\n\t\t\t<div class=\"elementor-widget-wrap elementor-element-populated\">\n\t\t\t\t\t\t<div class=\"elementor-element elementor-element-9d4d9dc elementor-widget elementor-widget-spacer\" data-id=\"9d4d9dc\" data-element_type=\"widget\" data-widget_type=\"spacer.default\">\n\t\t\t\t<div class=\"elementor-widget-container\">\n\t\t\t\t\t<div class=\"elementor-spacer\">\n\t\t\t<div class=\"elementor-spacer-inner\"><\/div>\n\t\t<\/div>\n\t\t\t\t<\/div>\n\t\t\t\t<\/div>\n\t\t\t\t\t<\/div>\n\t\t<\/div>\n\t\t\t\t\t<\/div>\n\t\t<\/section>\n\t\t\t\t<\/div>\n\t\t","protected":false},"excerpt":{"rendered":"<p>TARIFS RANDONN\u00c9E PALM\u00c9E \/ SNORKELING Deux personnes minimum 30 \u20ac BAPT\u00caME DE PLONG\u00c9E INITIATION 80 \u20ac 90 \u20ac PLONG\u00c9E DE R\u00c9ADAPTATION 70 \u20ac PLONG\u00c9E ENCADR\u00c9E TOUT \u00c9QUIP\u00c9 50\u20ac =&gt; 45 \u20ac \u00e0 partir de 2 personnes PLONG\u00c9E ENCADR\u00c9E SANS L\u2019\u00c9QUIPEMENT Bloc fourni 40 \u20ac =&gt; 35\u20ac \u00e0 partir de 2 personnes PLONG\u00c9E DE NUIT 60 [&hellip;]<\/p>\n","protected":false},"author":1,"featured_media":0,"parent":0,"menu_order":0,"comment_status":"closed","ping_status":"closed","template":"","meta":{"site-sidebar-layout":"no-sidebar","site-content-layout":"page-builder","ast-site-content-layout":"default","site-content-style":"default","site-sidebar-style":"default","ast-global-header-display":"","ast-banner-title-visibility":"","ast-main-header-display":"","ast-hfb-above-header-display":"","ast-hfb-below-header-display":"","ast-hfb-mobile-header-display":"","site-post-title":"disabled","ast-breadcrumbs-content":"","ast-featured-img":"disabled","footer-sml-layout":"","ast-disable-related-posts":"","theme-transparent-header-meta":"","adv-header-id-meta":"","stick-header-meta":"","header-above-stick-meta":"","header-main-stick-meta":"","header-below-stick-meta":"","astra-migrate-meta-layouts":"default","ast-page-background-enabled":"default","ast-page-background-meta":{"desktop":{"background-color":"var(--ast-global-color-4)","background-image":"","background-repeat":"repeat","background-position":"center center","background-size":"auto","background-attachment":"scroll","background-type":"","background-media":"","overlay-type":"","overlay-color":"","overlay-opacity":"","overlay-gradient":""},"tablet":{"background-color":"","background-image":"","background-repeat":"repeat","background-position":"center center","background-size":"auto","background-attachment":"scroll","background-type":"","background-media":"","overlay-type":"","overlay-color":"","overlay-opacity":"","overlay-gradient":""},"mobile":{"background-color":"","background-image":"","background-repeat":"repeat","background-position":"center center","background-size":"auto","background-attachment":"scroll","background-type":"","background-media":"","overlay-type":"","overlay-color":"","overlay-opacity":"","overlay-gradient":""}},"ast-content-background-meta":{"desktop":{"background-color":"var(--ast-global-color-5)","background-image":"","background-repeat":"repeat","background-position":"center center","background-size":"auto","background-attachment":"scroll","background-type":"","background-media":"","overlay-type":"","overlay-color":"","overlay-opacity":"","overlay-gradient":""},"tablet":{"background-color":"var(--ast-global-color-5)","background-image":"","background-repeat":"repeat","background-position":"center center","background-size":"auto","background-attachment":"scroll","background-type":"","background-media":"","overlay-type":"","overlay-color":"","overlay-opacity":"","overlay-gradient":""},"mobile":{"background-color":"var(--ast-global-color-5)","background-image":"","background-repeat":"repeat","background-position":"center center","background-size":"auto","background-attachment":"scroll","background-type":"","background-media":"","overlay-type":"","overlay-color":"","overlay-opacity":"","overlay-gradient":""}}},"_links":{"self":[{"href":"https:\/\/corisplongee.com\/index.php\/wp-json\/wp\/v2\/pages\/17"}],"collection":[{"href":"https:\/\/corisplongee.com\/index.php\/wp-json\/wp\/v2\/pages"}],"about":[{"href":"https:\/\/corisplongee.com\/index.php\/wp-json\/wp\/v2\/types\/page"}],"author":[{"embeddable":true,"href":"https:\/\/corisplongee.com\/index.php\/wp-json\/wp\/v2\/users\/1"}],"replies":[{"embeddable":true,"href":"https:\/\/corisplongee.com\/index.php\/wp-json\/wp\/v2\/comments?post=17"}],"version-history":[{"count":117,"href":"https:\/\/corisplongee.com\/index.php\/wp-json\/wp\/v2\/pages\/17\/revisions"}],"predecessor-version":[{"id":1068,"href":"https:\/\/corisplongee.com\/index.php\/wp-json\/wp\/v2\/pages\/17\/revisions\/1068"}],"wp:attachment":[{"href":"https:\/\/corisplongee.com\/index.php\/wp-json\/wp\/v2\/media?parent=17"}],"curies":[{"name":"wp","href":"https:\/\/api.w.org\/{rel}","templated":true}]}}